{"id":8185,"date":"2026-04-15T11:21:10","date_gmt":"2026-04-15T09:21:10","guid":{"rendered":"https:\/\/feunouveau.eu\/feunouveau\/?post_type=product&#038;p=8185"},"modified":"2026-04-15T11:25:36","modified_gmt":"2026-04-15T09:25:36","slug":"feu-nouveau-69-4-celebrations-17-mai-19-juillet","status":"publish","type":"product","link":"https:\/\/feunouveau.eu\/feunouveau\/produit\/feu-nouveau-69-4-celebrations-17-mai-19-juillet\/","title":{"rendered":"Feu Nouveau &#8211; 69\/4 &#8211; (C\u00e9l\u00e9brations 17 mai &#8211; 19 juillet)"},"content":{"rendered":"<div class=\"elementor-element elementor-element-d2f9f2d elementor-tablet-align-center elementor-widget elementor-widget-post-info\" data-id=\"d2f9f2d\" data-element_type=\"widget\" data-widget_type=\"post-info.default\">\n<div class=\"elementor-widget-container\"><\/div>\n<\/div>\n<div class=\"elementor-element elementor-element-018bb6d elementor-widget elementor-widget-text-editor\" data-id=\"018bb6d\" data-element_type=\"widget\" data-widget_type=\"text-editor.default\">\n<div class=\"elementor-widget-container\">\n<p style=\"font-weight: 400;\"><strong>Articles de formation<\/strong><\/p>\n<ul>\n<li style=\"font-weight: 400;\"><strong> L\u2019eucharistie,\u00ab\u00e9change symbolique\u00bb entre Dieu et l\u2019humanit\u00e9<\/strong><\/li>\n<\/ul>\n<p style=\"font-weight: 400;\">Les travaux de Louis-Marie Chauvet sur les sacrements nous permettent de mieux comprendre la signification de l\u2019eucharistie, don gratuit de Dieu \u00e0 l\u2019humanit\u00e9. Il tisse sa r\u00e9flexion en croisant les donn\u00e9es de la th\u00e9ologie et de l\u2019anthropologie.<\/p>\n<ul>\n<li style=\"font-weight: 400;\"><strong> Missel romain et cr\u00e9ativit\u00e9 ?<\/strong><\/li>\n<\/ul>\n<p style=\"font-weight: 400;\">Face \u00e0 une certaine rigidification de la mani\u00e8re de c\u00e9l\u00e9brer la liturgie eucharistique, il est important de red\u00e9couvrir que le Missel romain est aussi une \u00ab bo\u00eete \u00e0 outils \u00bb qui permet de \u00ab composer \u00bb la c\u00e9l\u00e9bration et d\u2019\u00eatre ainsi cr\u00e9atif dans les limites permises.<\/p>\n<p style=\"font-weight: 400;\"><strong>C\u00e9l\u00e9brations<\/strong><\/p>\n<p style=\"font-weight: 400;\">Avent C, Nativit\u00e9 du Seigneur, Sainte Famille C, \u00c9piphanie, Bapt\u00eame C, 2 et 3 ann\u00e9e C<\/p>\n<p style=\"font-weight: 400;\">\n<\/div>\n<\/div>\n","protected":false},"excerpt":{"rendered":"<p class=\"p1\"><strong>Articles de formation<\/strong><\/p>\n<p class=\"p1\"><strong>\u2022 Communiquer favorise la communion<\/strong><\/p>\n<p class=\"p2\">La communication passe par le corps et le c\u0153ur, par le regard et la ferveur int\u00e9rieure. Le c\u00e9l\u00e9brant ne peut sous-estimer son importance pour l\u2019assembl\u00e9e.<\/p>\n<p class=\"p1\"><strong>\u2022 La procession des offrandes dans \u00ab le rite za\u00efrois \u00bb<\/strong><\/p>\n<p class=\"p2\">La procession des offrandes dans le \u00ab rite za\u00efrois \u00bb de la messe est un bel exemple r\u00e9ussi de l\u2019inculturation de la liturgie. Elle donne l\u2019occasion \u00e0 la foi chr\u00e9tienne de s\u2019exprimer \u00e0 travers les symboles, les rythmes et la sensibilit\u00e9 culturelle africaine.<\/p>\n<p class=\"p1\"><strong>C\u00e9l\u00e9brations<\/strong><\/p>\n<p class=\"p2\">7 P\u00e2ques A, Pentec\u00f4te A, Trinit\u00e9 A , Saint-Sacrement A, 11 \u00e0 16 ann\u00e9e A<\/p>\n","protected":false},"featured_media":8133,"template":"","meta":[],"product_brand":[],"product_cat":[24],"product_tag":[],"class_list":{"0":"post-8185","1":"product","2":"type-product","3":"status-publish","4":"has-post-thumbnail","6":"product_cat-acheter-une-revue","7":"product_shipping_class-livraison-normale","9":"first","10":"instock","11":"taxable","12":"shipping-taxable","13":"purchasable","14":"product-type-simple"},"yoast_head":"<!-- This site is optimized with the Yoast SEO Premium plugin v23.4 (Yoast SEO v23.5) - https:\/\/yoast.com\/wordpress\/plugins\/seo\/ -->\n<title>Feu Nouveau - 69\/4 - (C\u00e9l\u00e9brations 17 mai - 19 juillet) - Feu Nouveau<\/title>\n<meta name=\"robots\" content=\"index, follow, max-snippet:-1, max-image-preview:large, max-video-preview:-1\" \/>\n<link rel=\"canonical\" href=\"https:\/\/feunouveau.eu\/feunouveau\/produit\/feu-nouveau-69-4-celebrations-17-mai-19-juillet\/\" \/>\n<meta property=\"og:locale\" content=\"fr_FR\" \/>\n<meta property=\"og:type\" content=\"article\" \/>\n<meta property=\"og:title\" content=\"Feu Nouveau - 69\/4 - (C\u00e9l\u00e9brations 17 mai - 19 juillet)\" \/>\n<meta property=\"og:description\" content=\"Articles de formation \u2022 Communiquer favorise la communion La communication passe par le corps et le c\u0153ur, par le regard et la ferveur int\u00e9rieure.\" \/>\n<meta property=\"og:url\" content=\"https:\/\/feunouveau.eu\/feunouveau\/produit\/feu-nouveau-69-4-celebrations-17-mai-19-juillet\/\" \/>\n<meta property=\"og:site_name\" content=\"Feu Nouveau\" \/>\n<meta property=\"article:modified_time\" content=\"2026-04-15T09:25:36+00:00\" \/>\n<meta property=\"og:image\" content=\"https:\/\/feunouveau.eu\/feunouveau\/wp-content\/uploads\/sites\/4\/2026\/03\/Feu-Nouveau-69-4-p1-1.jpg\" \/>\n\t<meta property=\"og:image:width\" content=\"595\" \/>\n\t<meta property=\"og:image:height\" content=\"841\" \/>\n\t<meta property=\"og:image:type\" content=\"image\/jpeg\" \/>\n<meta name=\"twitter:card\" content=\"summary_large_image\" \/>\n<meta name=\"twitter:label1\" content=\"Dur\u00e9e de lecture estim\u00e9e\" \/>\n\t<meta name=\"twitter:data1\" content=\"1 minute\" \/>\n<script type=\"application\/ld+json\" class=\"yoast-schema-graph\">{\"@context\":\"https:\/\/schema.org\",\"@graph\":[{\"@type\":\"WebPage\",\"@id\":\"https:\/\/feunouveau.eu\/feunouveau\/produit\/feu-nouveau-69-4-celebrations-17-mai-19-juillet\/\",\"url\":\"https:\/\/feunouveau.eu\/feunouveau\/produit\/feu-nouveau-69-4-celebrations-17-mai-19-juillet\/\",\"name\":\"Feu Nouveau - 69\/4 - (C\u00e9l\u00e9brations 17 mai - 19 juillet) - Feu Nouveau\",\"isPartOf\":{\"@id\":\"https:\/\/feunouveau.eu\/feunouveau\/#website\"},\"primaryImageOfPage\":{\"@id\":\"https:\/\/feunouveau.eu\/feunouveau\/produit\/feu-nouveau-69-4-celebrations-17-mai-19-juillet\/#primaryimage\"},\"image\":{\"@id\":\"https:\/\/feunouveau.eu\/feunouveau\/produit\/feu-nouveau-69-4-celebrations-17-mai-19-juillet\/#primaryimage\"},\"thumbnailUrl\":\"https:\/\/feunouveau.eu\/feunouveau\/wp-content\/uploads\/sites\/4\/2026\/03\/Feu-Nouveau-69-4-p1-1.jpg\",\"datePublished\":\"2026-04-15T09:21:10+00:00\",\"dateModified\":\"2026-04-15T09:25:36+00:00\",\"breadcrumb\":{\"@id\":\"https:\/\/feunouveau.eu\/feunouveau\/produit\/feu-nouveau-69-4-celebrations-17-mai-19-juillet\/#breadcrumb\"},\"inLanguage\":\"fr-FR\",\"potentialAction\":[{\"@type\":\"ReadAction\",\"target\":[\"https:\/\/feunouveau.eu\/feunouveau\/produit\/feu-nouveau-69-4-celebrations-17-mai-19-juillet\/\"]}]},{\"@type\":\"ImageObject\",\"inLanguage\":\"fr-FR\",\"@id\":\"https:\/\/feunouveau.eu\/feunouveau\/produit\/feu-nouveau-69-4-celebrations-17-mai-19-juillet\/#primaryimage\",\"url\":\"https:\/\/feunouveau.eu\/feunouveau\/wp-content\/uploads\/sites\/4\/2026\/03\/Feu-Nouveau-69-4-p1-1.jpg\",\"contentUrl\":\"https:\/\/feunouveau.eu\/feunouveau\/wp-content\/uploads\/sites\/4\/2026\/03\/Feu-Nouveau-69-4-p1-1.jpg\",\"width\":595,\"height\":841},{\"@type\":\"BreadcrumbList\",\"@id\":\"https:\/\/feunouveau.eu\/feunouveau\/produit\/feu-nouveau-69-4-celebrations-17-mai-19-juillet\/#breadcrumb\",\"itemListElement\":[{\"@type\":\"ListItem\",\"position\":1,\"name\":\"Accueil\",\"item\":\"https:\/\/feunouveau.eu\/feunouveau\/\"},{\"@type\":\"ListItem\",\"position\":2,\"name\":\"Produits\",\"item\":\"https:\/\/feunouveau.eu\/feunouveau\/shop\/\"},{\"@type\":\"ListItem\",\"position\":3,\"name\":\"Feu Nouveau &#8211; 69\/4 &#8211; (C\u00e9l\u00e9brations 17 mai &#8211; 19 juillet)\"}]},{\"@type\":\"WebSite\",\"@id\":\"https:\/\/feunouveau.eu\/feunouveau\/#website\",\"url\":\"https:\/\/feunouveau.eu\/feunouveau\/\",\"name\":\"Revue Feu Nouveau\",\"description\":\"Revue biblique et liturgique\",\"publisher\":{\"@id\":\"https:\/\/feunouveau.eu\/feunouveau\/#organization\"},\"potentialAction\":[{\"@type\":\"SearchAction\",\"target\":{\"@type\":\"EntryPoint\",\"urlTemplate\":\"https:\/\/feunouveau.eu\/feunouveau\/?s={search_term_string}\"},\"query-input\":{\"@type\":\"PropertyValueSpecification\",\"valueRequired\":true,\"valueName\":\"search_term_string\"}}],\"inLanguage\":\"fr-FR\"},{\"@type\":\"Organization\",\"@id\":\"https:\/\/feunouveau.eu\/feunouveau\/#organization\",\"name\":\"Revue Feu Nouveau\",\"url\":\"https:\/\/feunouveau.eu\/feunouveau\/\",\"logo\":{\"@type\":\"ImageObject\",\"inLanguage\":\"fr-FR\",\"@id\":\"https:\/\/feunouveau.eu\/feunouveau\/#\/schema\/logo\/image\/\",\"url\":\"https:\/\/feunouveau.eu\/feunouveau\/wp-content\/uploads\/sites\/4\/2024\/01\/Logo.png\",\"contentUrl\":\"https:\/\/feunouveau.eu\/feunouveau\/wp-content\/uploads\/sites\/4\/2024\/01\/Logo.png\",\"width\":424,\"height\":489,\"caption\":\"Revue Feu Nouveau\"},\"image\":{\"@id\":\"https:\/\/feunouveau.eu\/feunouveau\/#\/schema\/logo\/image\/\"}}]}<\/script>\n<!-- \/ Yoast SEO Premium plugin. -->","yoast_head_json":{"title":"Feu Nouveau - 69\/4 - (C\u00e9l\u00e9brations 17 mai - 19 juillet) - Feu Nouveau","robots":{"index":"index","follow":"follow","max-snippet":"max-snippet:-1","max-image-preview":"max-image-preview:large","max-video-preview":"max-video-preview:-1"},"canonical":"https:\/\/feunouveau.eu\/feunouveau\/produit\/feu-nouveau-69-4-celebrations-17-mai-19-juillet\/","og_locale":"fr_FR","og_type":"article","og_title":"Feu Nouveau - 69\/4 - (C\u00e9l\u00e9brations 17 mai - 19 juillet)","og_description":"Articles de formation \u2022 Communiquer favorise la communion La communication passe par le corps et le c\u0153ur, par le regard et la ferveur int\u00e9rieure.","og_url":"https:\/\/feunouveau.eu\/feunouveau\/produit\/feu-nouveau-69-4-celebrations-17-mai-19-juillet\/","og_site_name":"Feu Nouveau","article_modified_time":"2026-04-15T09:25:36+00:00","og_image":[{"width":595,"height":841,"url":"https:\/\/feunouveau.eu\/feunouveau\/wp-content\/uploads\/sites\/4\/2026\/03\/Feu-Nouveau-69-4-p1-1.jpg","type":"image\/jpeg"}],"twitter_card":"summary_large_image","twitter_misc":{"Dur\u00e9e de lecture estim\u00e9e":"1 minute"},"schema":{"@context":"https:\/\/schema.org","@graph":[{"@type":"WebPage","@id":"https:\/\/feunouveau.eu\/feunouveau\/produit\/feu-nouveau-69-4-celebrations-17-mai-19-juillet\/","url":"https:\/\/feunouveau.eu\/feunouveau\/produit\/feu-nouveau-69-4-celebrations-17-mai-19-juillet\/","name":"Feu Nouveau - 69\/4 - (C\u00e9l\u00e9brations 17 mai - 19 juillet) - Feu Nouveau","isPartOf":{"@id":"https:\/\/feunouveau.eu\/feunouveau\/#website"},"primaryImageOfPage":{"@id":"https:\/\/feunouveau.eu\/feunouveau\/produit\/feu-nouveau-69-4-celebrations-17-mai-19-juillet\/#primaryimage"},"image":{"@id":"https:\/\/feunouveau.eu\/feunouveau\/produit\/feu-nouveau-69-4-celebrations-17-mai-19-juillet\/#primaryimage"},"thumbnailUrl":"https:\/\/feunouveau.eu\/feunouveau\/wp-content\/uploads\/sites\/4\/2026\/03\/Feu-Nouveau-69-4-p1-1.jpg","datePublished":"2026-04-15T09:21:10+00:00","dateModified":"2026-04-15T09:25:36+00:00","breadcrumb":{"@id":"https:\/\/feunouveau.eu\/feunouveau\/produit\/feu-nouveau-69-4-celebrations-17-mai-19-juillet\/#breadcrumb"},"inLanguage":"fr-FR","potentialAction":[{"@type":"ReadAction","target":["https:\/\/feunouveau.eu\/feunouveau\/produit\/feu-nouveau-69-4-celebrations-17-mai-19-juillet\/"]}]},{"@type":"ImageObject","inLanguage":"fr-FR","@id":"https:\/\/feunouveau.eu\/feunouveau\/produit\/feu-nouveau-69-4-celebrations-17-mai-19-juillet\/#primaryimage","url":"https:\/\/feunouveau.eu\/feunouveau\/wp-content\/uploads\/sites\/4\/2026\/03\/Feu-Nouveau-69-4-p1-1.jpg","contentUrl":"https:\/\/feunouveau.eu\/feunouveau\/wp-content\/uploads\/sites\/4\/2026\/03\/Feu-Nouveau-69-4-p1-1.jpg","width":595,"height":841},{"@type":"BreadcrumbList","@id":"https:\/\/feunouveau.eu\/feunouveau\/produit\/feu-nouveau-69-4-celebrations-17-mai-19-juillet\/#breadcrumb","itemListElement":[{"@type":"ListItem","position":1,"name":"Accueil","item":"https:\/\/feunouveau.eu\/feunouveau\/"},{"@type":"ListItem","position":2,"name":"Produits","item":"https:\/\/feunouveau.eu\/feunouveau\/shop\/"},{"@type":"ListItem","position":3,"name":"Feu Nouveau &#8211; 69\/4 &#8211; (C\u00e9l\u00e9brations 17 mai &#8211; 19 juillet)"}]},{"@type":"WebSite","@id":"https:\/\/feunouveau.eu\/feunouveau\/#website","url":"https:\/\/feunouveau.eu\/feunouveau\/","name":"Revue Feu Nouveau","description":"Revue biblique et liturgique","publisher":{"@id":"https:\/\/feunouveau.eu\/feunouveau\/#organization"},"potentialAction":[{"@type":"SearchAction","target":{"@type":"EntryPoint","urlTemplate":"https:\/\/feunouveau.eu\/feunouveau\/?s={search_term_string}"},"query-input":{"@type":"PropertyValueSpecification","valueRequired":true,"valueName":"search_term_string"}}],"inLanguage":"fr-FR"},{"@type":"Organization","@id":"https:\/\/feunouveau.eu\/feunouveau\/#organization","name":"Revue Feu Nouveau","url":"https:\/\/feunouveau.eu\/feunouveau\/","logo":{"@type":"ImageObject","inLanguage":"fr-FR","@id":"https:\/\/feunouveau.eu\/feunouveau\/#\/schema\/logo\/image\/","url":"https:\/\/feunouveau.eu\/feunouveau\/wp-content\/uploads\/sites\/4\/2024\/01\/Logo.png","contentUrl":"https:\/\/feunouveau.eu\/feunouveau\/wp-content\/uploads\/sites\/4\/2024\/01\/Logo.png","width":424,"height":489,"caption":"Revue Feu Nouveau"},"image":{"@id":"https:\/\/feunouveau.eu\/feunouveau\/#\/schema\/logo\/image\/"}}]}},"_links":{"self":[{"href":"https:\/\/feunouveau.eu\/feunouveau\/wp-json\/wp\/v2\/product\/8185","targetHints":{"allow":["GET"]}}],"collection":[{"href":"https:\/\/feunouveau.eu\/feunouveau\/wp-json\/wp\/v2\/product"}],"about":[{"href":"https:\/\/feunouveau.eu\/feunouveau\/wp-json\/wp\/v2\/types\/product"}],"version-history":[{"count":1,"href":"https:\/\/feunouveau.eu\/feunouveau\/wp-json\/wp\/v2\/product\/8185\/revisions"}],"predecessor-version":[{"id":8186,"href":"https:\/\/feunouveau.eu\/feunouveau\/wp-json\/wp\/v2\/product\/8185\/revisions\/8186"}],"wp:featuredmedia":[{"embeddable":true,"href":"https:\/\/feunouveau.eu\/feunouveau\/wp-json\/wp\/v2\/media\/8133"}],"wp:attachment":[{"href":"https:\/\/feunouveau.eu\/feunouveau\/wp-json\/wp\/v2\/media?parent=8185"}],"wp:term":[{"taxonomy":"product_brand","embeddable":true,"href":"https:\/\/feunouveau.eu\/feunouveau\/wp-json\/wp\/v2\/product_brand?post=8185"},{"taxonomy":"product_cat","embeddable":true,"href":"https:\/\/feunouveau.eu\/feunouveau\/wp-json\/wp\/v2\/product_cat?post=8185"},{"taxonomy":"product_tag","embeddable":true,"href":"https:\/\/feunouveau.eu\/feunouveau\/wp-json\/wp\/v2\/product_tag?post=8185"}],"curies":[{"name":"wp","href":"https:\/\/api.w.org\/{rel}","templated":true}]}}