{"id":1809,"date":"2024-01-30T14:33:35","date_gmt":"2024-01-30T13:33:35","guid":{"rendered":"https:\/\/b-select.be\/feunouveau\/?post_type=product&#038;p=1809"},"modified":"2026-02-23T10:19:22","modified_gmt":"2026-02-23T09:19:22","slug":"abonnement-dun-an-a-la-version-numerique","status":"publish","type":"product","link":"https:\/\/feunouveau.eu\/feunouveau\/produit\/abonnement-dun-an-a-la-version-numerique\/","title":{"rendered":"Abonnement d&#8217;un an \u00e0 la version num\u00e9rique"},"content":{"rendered":"<p>Abonnement d&#8217;un an vous donnant acc\u00e8s \u00e0 la version num\u00e9rique ainsi qu&#8217;aux archives.<\/p>\n","protected":false},"excerpt":{"rendered":"<p>Abonnement d&#8217;un an vous donnant acc\u00e8s \u00e0 la version num\u00e9rique ainsi qu&#8217;aux archives.<\/p>\n","protected":false},"featured_media":495,"template":"","meta":[],"product_brand":[],"product_cat":[44],"product_tag":[],"class_list":{"0":"post-1809","1":"product","2":"type-product","3":"status-publish","4":"has-post-thumbnail","6":"product_cat-abonnement-numerique","8":"first","9":"instock","10":"virtual","11":"taxable","12":"purchasable","13":"product-type-simple"},"yoast_head":"<!-- This site is optimized with the Yoast SEO Premium plugin v23.4 (Yoast SEO v23.5) - https:\/\/yoast.com\/wordpress\/plugins\/seo\/ -->\n<title>Abonnement d&#039;un an \u00e0 la version num\u00e9rique - Feu Nouveau<\/title>\n<meta name=\"robots\" content=\"index, follow, max-snippet:-1, max-image-preview:large, max-video-preview:-1\" \/>\n<link rel=\"canonical\" href=\"https:\/\/feunouveau.eu\/feunouveau\/produit\/abonnement-dun-an-a-la-version-numerique\/\" \/>\n<meta property=\"og:locale\" content=\"fr_FR\" \/>\n<meta property=\"og:type\" content=\"article\" \/>\n<meta property=\"og:title\" content=\"Abonnement d&#039;un an \u00e0 la version num\u00e9rique\" \/>\n<meta property=\"og:description\" content=\"Abonnement d&#039;un an vous donnant acc\u00e8s \u00e0 la version num\u00e9rique ainsi qu&#039;aux archives.\" \/>\n<meta property=\"og:url\" content=\"https:\/\/feunouveau.eu\/feunouveau\/produit\/abonnement-dun-an-a-la-version-numerique\/\" \/>\n<meta property=\"og:site_name\" content=\"Feu Nouveau\" \/>\n<meta property=\"article:modified_time\" content=\"2026-02-23T09:19:22+00:00\" \/>\n<meta property=\"og:image\" content=\"https:\/\/feunouveau.eu\/feunouveau\/wp-content\/uploads\/sites\/4\/2024\/01\/Logo-sans-fond-1024x984.png\" \/>\n\t<meta property=\"og:image:width\" content=\"1024\" \/>\n\t<meta property=\"og:image:height\" content=\"984\" \/>\n\t<meta property=\"og:image:type\" content=\"image\/png\" \/>\n<meta name=\"twitter:card\" content=\"summary_large_image\" \/>\n<meta name=\"twitter:label1\" content=\"Dur\u00e9e de lecture estim\u00e9e\" \/>\n\t<meta name=\"twitter:data1\" content=\"1 minute\" \/>\n<script type=\"application\/ld+json\" class=\"yoast-schema-graph\">{\"@context\":\"https:\/\/schema.org\",\"@graph\":[{\"@type\":\"WebPage\",\"@id\":\"https:\/\/feunouveau.eu\/feunouveau\/produit\/abonnement-dun-an-a-la-version-numerique\/\",\"url\":\"https:\/\/feunouveau.eu\/feunouveau\/produit\/abonnement-dun-an-a-la-version-numerique\/\",\"name\":\"Abonnement d'un an \u00e0 la version num\u00e9rique - Feu Nouveau\",\"isPartOf\":{\"@id\":\"https:\/\/feunouveau.eu\/feunouveau\/#website\"},\"primaryImageOfPage\":{\"@id\":\"https:\/\/feunouveau.eu\/feunouveau\/produit\/abonnement-dun-an-a-la-version-numerique\/#primaryimage\"},\"image\":{\"@id\":\"https:\/\/feunouveau.eu\/feunouveau\/produit\/abonnement-dun-an-a-la-version-numerique\/#primaryimage\"},\"thumbnailUrl\":\"https:\/\/feunouveau.eu\/feunouveau\/wp-content\/uploads\/sites\/4\/2024\/01\/Logo-sans-fond.png\",\"datePublished\":\"2024-01-30T13:33:35+00:00\",\"dateModified\":\"2026-02-23T09:19:22+00:00\",\"breadcrumb\":{\"@id\":\"https:\/\/feunouveau.eu\/feunouveau\/produit\/abonnement-dun-an-a-la-version-numerique\/#breadcrumb\"},\"inLanguage\":\"fr-FR\",\"potentialAction\":[{\"@type\":\"ReadAction\",\"target\":[\"https:\/\/feunouveau.eu\/feunouveau\/produit\/abonnement-dun-an-a-la-version-numerique\/\"]}]},{\"@type\":\"ImageObject\",\"inLanguage\":\"fr-FR\",\"@id\":\"https:\/\/feunouveau.eu\/feunouveau\/produit\/abonnement-dun-an-a-la-version-numerique\/#primaryimage\",\"url\":\"https:\/\/feunouveau.eu\/feunouveau\/wp-content\/uploads\/sites\/4\/2024\/01\/Logo-sans-fond.png\",\"contentUrl\":\"https:\/\/feunouveau.eu\/feunouveau\/wp-content\/uploads\/sites\/4\/2024\/01\/Logo-sans-fond.png\",\"width\":4876,\"height\":4685},{\"@type\":\"BreadcrumbList\",\"@id\":\"https:\/\/feunouveau.eu\/feunouveau\/produit\/abonnement-dun-an-a-la-version-numerique\/#breadcrumb\",\"itemListElement\":[{\"@type\":\"ListItem\",\"position\":1,\"name\":\"Accueil\",\"item\":\"https:\/\/feunouveau.eu\/feunouveau\/\"},{\"@type\":\"ListItem\",\"position\":2,\"name\":\"Produits\",\"item\":\"https:\/\/feunouveau.eu\/feunouveau\/shop\/\"},{\"@type\":\"ListItem\",\"position\":3,\"name\":\"Abonnement d&#8217;un an \u00e0 la version num\u00e9rique\"}]},{\"@type\":\"WebSite\",\"@id\":\"https:\/\/feunouveau.eu\/feunouveau\/#website\",\"url\":\"https:\/\/feunouveau.eu\/feunouveau\/\",\"name\":\"Revue Feu Nouveau\",\"description\":\"Revue biblique et liturgique\",\"publisher\":{\"@id\":\"https:\/\/feunouveau.eu\/feunouveau\/#organization\"},\"potentialAction\":[{\"@type\":\"SearchAction\",\"target\":{\"@type\":\"EntryPoint\",\"urlTemplate\":\"https:\/\/feunouveau.eu\/feunouveau\/?s={search_term_string}\"},\"query-input\":{\"@type\":\"PropertyValueSpecification\",\"valueRequired\":true,\"valueName\":\"search_term_string\"}}],\"inLanguage\":\"fr-FR\"},{\"@type\":\"Organization\",\"@id\":\"https:\/\/feunouveau.eu\/feunouveau\/#organization\",\"name\":\"Revue Feu Nouveau\",\"url\":\"https:\/\/feunouveau.eu\/feunouveau\/\",\"logo\":{\"@type\":\"ImageObject\",\"inLanguage\":\"fr-FR\",\"@id\":\"https:\/\/feunouveau.eu\/feunouveau\/#\/schema\/logo\/image\/\",\"url\":\"https:\/\/feunouveau.eu\/feunouveau\/wp-content\/uploads\/sites\/4\/2024\/01\/Logo.png\",\"contentUrl\":\"https:\/\/feunouveau.eu\/feunouveau\/wp-content\/uploads\/sites\/4\/2024\/01\/Logo.png\",\"width\":424,\"height\":489,\"caption\":\"Revue Feu Nouveau\"},\"image\":{\"@id\":\"https:\/\/feunouveau.eu\/feunouveau\/#\/schema\/logo\/image\/\"}}]}<\/script>\n<!-- \/ Yoast SEO Premium plugin. -->","yoast_head_json":{"title":"Abonnement d'un an \u00e0 la version num\u00e9rique - Feu Nouveau","robots":{"index":"index","follow":"follow","max-snippet":"max-snippet:-1","max-image-preview":"max-image-preview:large","max-video-preview":"max-video-preview:-1"},"canonical":"https:\/\/feunouveau.eu\/feunouveau\/produit\/abonnement-dun-an-a-la-version-numerique\/","og_locale":"fr_FR","og_type":"article","og_title":"Abonnement d'un an \u00e0 la version num\u00e9rique","og_description":"Abonnement d'un an vous donnant acc\u00e8s \u00e0 la version num\u00e9rique ainsi qu'aux archives.","og_url":"https:\/\/feunouveau.eu\/feunouveau\/produit\/abonnement-dun-an-a-la-version-numerique\/","og_site_name":"Feu Nouveau","article_modified_time":"2026-02-23T09:19:22+00:00","og_image":[{"width":1024,"height":984,"url":"https:\/\/feunouveau.eu\/feunouveau\/wp-content\/uploads\/sites\/4\/2024\/01\/Logo-sans-fond-1024x984.png","type":"image\/png"}],"twitter_card":"summary_large_image","twitter_misc":{"Dur\u00e9e de lecture estim\u00e9e":"1 minute"},"schema":{"@context":"https:\/\/schema.org","@graph":[{"@type":"WebPage","@id":"https:\/\/feunouveau.eu\/feunouveau\/produit\/abonnement-dun-an-a-la-version-numerique\/","url":"https:\/\/feunouveau.eu\/feunouveau\/produit\/abonnement-dun-an-a-la-version-numerique\/","name":"Abonnement d'un an \u00e0 la version num\u00e9rique - Feu Nouveau","isPartOf":{"@id":"https:\/\/feunouveau.eu\/feunouveau\/#website"},"primaryImageOfPage":{"@id":"https:\/\/feunouveau.eu\/feunouveau\/produit\/abonnement-dun-an-a-la-version-numerique\/#primaryimage"},"image":{"@id":"https:\/\/feunouveau.eu\/feunouveau\/produit\/abonnement-dun-an-a-la-version-numerique\/#primaryimage"},"thumbnailUrl":"https:\/\/feunouveau.eu\/feunouveau\/wp-content\/uploads\/sites\/4\/2024\/01\/Logo-sans-fond.png","datePublished":"2024-01-30T13:33:35+00:00","dateModified":"2026-02-23T09:19:22+00:00","breadcrumb":{"@id":"https:\/\/feunouveau.eu\/feunouveau\/produit\/abonnement-dun-an-a-la-version-numerique\/#breadcrumb"},"inLanguage":"fr-FR","potentialAction":[{"@type":"ReadAction","target":["https:\/\/feunouveau.eu\/feunouveau\/produit\/abonnement-dun-an-a-la-version-numerique\/"]}]},{"@type":"ImageObject","inLanguage":"fr-FR","@id":"https:\/\/feunouveau.eu\/feunouveau\/produit\/abonnement-dun-an-a-la-version-numerique\/#primaryimage","url":"https:\/\/feunouveau.eu\/feunouveau\/wp-content\/uploads\/sites\/4\/2024\/01\/Logo-sans-fond.png","contentUrl":"https:\/\/feunouveau.eu\/feunouveau\/wp-content\/uploads\/sites\/4\/2024\/01\/Logo-sans-fond.png","width":4876,"height":4685},{"@type":"BreadcrumbList","@id":"https:\/\/feunouveau.eu\/feunouveau\/produit\/abonnement-dun-an-a-la-version-numerique\/#breadcrumb","itemListElement":[{"@type":"ListItem","position":1,"name":"Accueil","item":"https:\/\/feunouveau.eu\/feunouveau\/"},{"@type":"ListItem","position":2,"name":"Produits","item":"https:\/\/feunouveau.eu\/feunouveau\/shop\/"},{"@type":"ListItem","position":3,"name":"Abonnement d&#8217;un an \u00e0 la version num\u00e9rique"}]},{"@type":"WebSite","@id":"https:\/\/feunouveau.eu\/feunouveau\/#website","url":"https:\/\/feunouveau.eu\/feunouveau\/","name":"Revue Feu Nouveau","description":"Revue biblique et liturgique","publisher":{"@id":"https:\/\/feunouveau.eu\/feunouveau\/#organization"},"potentialAction":[{"@type":"SearchAction","target":{"@type":"EntryPoint","urlTemplate":"https:\/\/feunouveau.eu\/feunouveau\/?s={search_term_string}"},"query-input":{"@type":"PropertyValueSpecification","valueRequired":true,"valueName":"search_term_string"}}],"inLanguage":"fr-FR"},{"@type":"Organization","@id":"https:\/\/feunouveau.eu\/feunouveau\/#organization","name":"Revue Feu Nouveau","url":"https:\/\/feunouveau.eu\/feunouveau\/","logo":{"@type":"ImageObject","inLanguage":"fr-FR","@id":"https:\/\/feunouveau.eu\/feunouveau\/#\/schema\/logo\/image\/","url":"https:\/\/feunouveau.eu\/feunouveau\/wp-content\/uploads\/sites\/4\/2024\/01\/Logo.png","contentUrl":"https:\/\/feunouveau.eu\/feunouveau\/wp-content\/uploads\/sites\/4\/2024\/01\/Logo.png","width":424,"height":489,"caption":"Revue Feu Nouveau"},"image":{"@id":"https:\/\/feunouveau.eu\/feunouveau\/#\/schema\/logo\/image\/"}}]}},"_links":{"self":[{"href":"https:\/\/feunouveau.eu\/feunouveau\/wp-json\/wp\/v2\/product\/1809","targetHints":{"allow":["GET"]}}],"collection":[{"href":"https:\/\/feunouveau.eu\/feunouveau\/wp-json\/wp\/v2\/product"}],"about":[{"href":"https:\/\/feunouveau.eu\/feunouveau\/wp-json\/wp\/v2\/types\/product"}],"version-history":[{"count":2,"href":"https:\/\/feunouveau.eu\/feunouveau\/wp-json\/wp\/v2\/product\/1809\/revisions"}],"predecessor-version":[{"id":1812,"href":"https:\/\/feunouveau.eu\/feunouveau\/wp-json\/wp\/v2\/product\/1809\/revisions\/1812"}],"wp:featuredmedia":[{"embeddable":true,"href":"https:\/\/feunouveau.eu\/feunouveau\/wp-json\/wp\/v2\/media\/495"}],"wp:attachment":[{"href":"https:\/\/feunouveau.eu\/feunouveau\/wp-json\/wp\/v2\/media?parent=1809"}],"wp:term":[{"taxonomy":"product_brand","embeddable":true,"href":"https:\/\/feunouveau.eu\/feunouveau\/wp-json\/wp\/v2\/product_brand?post=1809"},{"taxonomy":"product_cat","embeddable":true,"href":"https:\/\/feunouveau.eu\/feunouveau\/wp-json\/wp\/v2\/product_cat?post=1809"},{"taxonomy":"product_tag","embeddable":true,"href":"https:\/\/feunouveau.eu\/feunouveau\/wp-json\/wp\/v2\/product_tag?post=1809"}],"curies":[{"name":"wp","href":"https:\/\/api.w.org\/{rel}","templated":true}]}}